{"id":1482,"date":"2012-09-25T22:22:06","date_gmt":"2012-09-26T01:22:06","guid":{"rendered":"http:\/\/www.ricardochaves.com.br\/?page_id=1482"},"modified":"2012-09-26T09:57:00","modified_gmt":"2012-09-26T12:57:00","slug":"tunel-do-tempo","status":"publish","type":"page","link":"https:\/\/ww2.ricardochaves.com.br\/?page_id=1482","title":{"rendered":"T\u00fanel do Tempo"},"content":{"rendered":"<p>Este espa\u00e7o foi criado para relembrarmos bons momentos eternizados atrav\u00e9s de fotos. Voc\u00ea tem alguma? Quer que apare\u00e7a aqui? Ent\u00e3o n\u00e3o perca tempo! Envie j\u00e1 seu momento inesquec\u00edvel para <a href=\"mailto:site@ricardochaves.com.br\">site@ricardochaves.com.br<\/a>.<\/p>\n<p>\n<object width=\"700\" height=\"525\"><param name=\"flashvars\" value=\"offsite=true&#038;lang=pt-br&#038;page_show_url=%2Fphotos%2F_ricardochaves%2Fsets%2F72157631624658969%2Fshow%2F&#038;page_show_back_url=%2Fphotos%2F_ricardochaves%2Fsets%2F72157631624658969%2F&#038;set_id=72157631624658969&#038;jump_to=\"><\/param><param name=\"movie\" value=\"http:\/\/www.flickr.com\/apps\/slideshow\/show.swf?v=109615\"><\/param><param name=\"allowFullScreen\" value=\"true\"><\/param><embed type=\"application\/x-shockwave-flash\" src=\"http:\/\/www.flickr.com\/apps\/slideshow\/show.swf?v=109615\" allowFullScreen=\"true\" flashvars=\"offsite=true&#038;lang=pt-br&#038;page_show_url=%2Fphotos%2F_ricardochaves%2Fsets%2F72157631624658969%2Fshow%2F&#038;page_show_back_url=%2Fphotos%2F_ricardochaves%2Fsets%2F72157631624658969%2F&#038;set_id=72157631624658969&#038;jump_to=\" width=\"700\" height=\"525\"><\/embed><\/object><\/p>\n","protected":false},"excerpt":{"rendered":"<p>Este espa\u00e7o foi criado para relembrarmos bons momentos eternizados atrav\u00e9s de fotos. Voc\u00ea tem alguma? Quer que apare\u00e7a aqui? Ent\u00e3o n\u00e3o perca tempo! Envie j\u00e1 seu momento inesquec\u00edvel para site@ricardochaves.com.br.<\/p>\n","protected":false},"author":1,"featured_media":0,"parent":0,"menu_order":0,"comment_status":"open","ping_status":"open","template":"","meta":[],"_links":{"self":[{"href":"https:\/\/ww2.ricardochaves.com.br\/index.php?rest_route=\/wp\/v2\/pages\/1482"}],"collection":[{"href":"https:\/\/ww2.ricardochaves.com.br\/index.php?rest_route=\/wp\/v2\/pages"}],"about":[{"href":"https:\/\/ww2.ricardochaves.com.br\/index.php?rest_route=\/wp\/v2\/types\/page"}],"author":[{"embeddable":true,"href":"https:\/\/ww2.ricardochaves.com.br\/index.php?rest_route=\/wp\/v2\/users\/1"}],"replies":[{"embeddable":true,"href":"https:\/\/ww2.ricardochaves.com.br\/index.php?rest_route=%2Fwp%2Fv2%2Fcomments&post=1482"}],"version-history":[{"count":18,"href":"https:\/\/ww2.ricardochaves.com.br\/index.php?rest_route=\/wp\/v2\/pages\/1482\/revisions"}],"predecessor-version":[{"id":1553,"href":"https:\/\/ww2.ricardochaves.com.br\/index.php?rest_route=\/wp\/v2\/pages\/1482\/revisions\/1553"}],"wp:attachment":[{"href":"https:\/\/ww2.ricardochaves.com.br\/index.php?rest_route=%2Fwp%2Fv2%2Fmedia&parent=1482"}],"curies":[{"name":"wp","href":"https:\/\/api.w.org\/{rel}","templated":true}]}}