{"id":1854,"date":"2014-01-16T15:47:51","date_gmt":"2014-01-16T18:47:51","guid":{"rendered":"http:\/\/www.ricardochaves.com.br\/?page_id=1854"},"modified":"2016-01-12T15:49:48","modified_gmt":"2016-01-12T18:49:48","slug":"alavonte-2","status":"publish","type":"page","link":"https:\/\/ww2.ricardochaves.com.br\/?page_id=1854","title":{"rendered":"Alavont\u00ea"},"content":{"rendered":"<p style=\"text-align: justify;\">Que tal reunir amigos para fazer m\u00fasica e se divertir? Essa \u00e9 a inten\u00e7\u00e3o do Alavont\u00ea, projeto musical que re\u00fane Manno G\u00f3es, Durval Lelys, Ricardo Chaves, Magary Lord, Ramon Cruz e Jonga Cunha. No Alavont\u00ea todos atuam como vocalistas, al\u00e9m, \u00e9 claro, de dedicarem-se aos seus instrumentos de maior proximidade. Para o p\u00fablico, a surpresa vai ser ouvir uma m\u00fasica que fez sucesso na voz de Ricardo, por exemplo, sendo cantada tamb\u00e9m pelos demais integrantes.<\/p>\n<p style=\"text-align: justify;\">A ideia nasceu espontaneamente em encontros, nos quais Manno, Jonga e Ricardo se animaram com a possibilidade de tocarem juntos, o que j\u00e1 fazem informalmente. A proposta inicial, mantida at\u00e9 ent\u00e3o, \u00e9 criar e compartilhar can\u00e7\u00f5es sem o que Manno chama de &#8220;amarras mercadol\u00f3gicas&#8221;, ou seja, as responsabilidades de contrato, cach\u00eas e agenda t\u00edpicos de uma banda.<\/p>\n<p style=\"text-align: justify;\">Por ter essa liberdade como base, eles n\u00e3o se consideram uma banda, mas &#8220;um movimento musical que tem prioritariamente o objetivo de fazer m\u00fasica&#8221;, define Durval. &#8220;Alavont\u00ea \u00e9 uma express\u00e3o que a gente criou para se sentir \u00e0 vontade, para tocar nossas m\u00fasicas, para experimentar coisas novas e compor junto&#8221;, explica Magary sobre o nome escolhido.<\/p>\n<p style=\"text-align: justify;\">O grupo pretende fazer uso das redes sociais para divulgar o material, mas n\u00e3o tem definido o rumo que o trabalho ir\u00e1 tomar. &#8220;A gente pode tanto um dia sair em turn\u00ea como pode ser que a gente termine daqui a um m\u00eas, dois meses&#8221;, diz Ricardo.<\/p>\n<p style=\"text-align: justify;\">Seguindo a linha \u00e0 la vont\u00e9, eles n\u00e3o seguiram um set list pr\u00e9-estabelecido. O repert\u00f3rio se autoconstruiu a partir de brincadeiras, pegando uma m\u00fasica para tocar e dando um arranjo que se transformava em uma can\u00e7\u00e3o in\u00e9dita. &#8220;A gente n\u00e3o vai fazer cover de n\u00f3s mesmos, a gente t\u00e1 pegando m\u00fasicas e relendo&#8221;, explica Manno.<\/p>\n<p><object width=\"1090\" height=\"943\" classid=\"clsid:d27cdb6e-ae6d-11cf-96b8-444553540000\" codebase=\"http:\/\/download.macromedia.com\/pub\/shockwave\/cabs\/flash\/swflash.cab#version=6,0,40,0\"><param name=\"flashvars\" value=\"offsite=true&amp;lang=pt-br&amp;page_show_url=%2Fphotos%2F_ricardochaves%2Fsets%2F72157639839638904%2Fshow%2F&amp;page_show_back_url=%2Fphotos%2F_ricardochaves%2Fsets%2F72157639839638904%2F&amp;set_id=72157639839638904&amp;jump_to=\" \/><param name=\"allowFullScreen\" value=\"true\" \/><param name=\"src\" value=\"http:\/\/www.flickr.com\/apps\/slideshow\/show.swf?v=138195\" \/><param name=\"allowfullscreen\" value=\"true\" \/><embed type=\"application\/x-shockwave-flash\" width=\"1090\" height=\"943\" src=\"http:\/\/www.flickr.com\/apps\/slideshow\/show.swf?v=138195\" allowfullscreen=\"allowfullscreen\" flashvars=\"offsite=true&amp;lang=pt-br&amp;page_show_url=%2Fphotos%2F_ricardochaves%2Fsets%2F72157639839638904%2Fshow%2F&amp;page_show_back_url=%2Fphotos%2F_ricardochaves%2Fsets%2F72157639839638904%2F&amp;set_id=72157639839638904&amp;jump_to=\" \/><\/object><\/p>\n","protected":false},"excerpt":{"rendered":"<p>Que tal reunir amigos para fazer m\u00fasica e se divertir? Essa \u00e9 a inten\u00e7\u00e3o do Alavont\u00ea, projeto musical que re\u00fane Manno G\u00f3es, Durval Lelys, Ricardo Chaves, Magary Lord, Ramon Cruz e Jonga Cunha. No Alavont\u00ea todos atuam como vocalistas, al\u00e9m, \u00e9 claro, de dedicarem-se aos seus instrumentos de maior proximidade. Para o p\u00fablico, a surpresa&#8230; <a href=\"https:\/\/ww2.ricardochaves.com.br\/?page_id=1854\" class=\"excerpt-read-more\">Leia Mais<\/a><\/p>\n","protected":false},"author":1,"featured_media":0,"parent":0,"menu_order":0,"comment_status":"open","ping_status":"open","template":"","meta":[],"_links":{"self":[{"href":"https:\/\/ww2.ricardochaves.com.br\/index.php?rest_route=\/wp\/v2\/pages\/1854"}],"collection":[{"href":"https:\/\/ww2.ricardochaves.com.br\/index.php?rest_route=\/wp\/v2\/pages"}],"about":[{"href":"https:\/\/ww2.ricardochaves.com.br\/index.php?rest_route=\/wp\/v2\/types\/page"}],"author":[{"embeddable":true,"href":"https:\/\/ww2.ricardochaves.com.br\/index.php?rest_route=\/wp\/v2\/users\/1"}],"replies":[{"embeddable":true,"href":"https:\/\/ww2.ricardochaves.com.br\/index.php?rest_route=%2Fwp%2Fv2%2Fcomments&post=1854"}],"version-history":[{"count":9,"href":"https:\/\/ww2.ricardochaves.com.br\/index.php?rest_route=\/wp\/v2\/pages\/1854\/revisions"}],"predecessor-version":[{"id":1987,"href":"https:\/\/ww2.ricardochaves.com.br\/index.php?rest_route=\/wp\/v2\/pages\/1854\/revisions\/1987"}],"wp:attachment":[{"href":"https:\/\/ww2.ricardochaves.com.br\/index.php?rest_route=%2Fwp%2Fv2%2Fmedia&parent=1854"}],"curies":[{"name":"wp","href":"https:\/\/api.w.org\/{rel}","templated":true}]}}