{"id":6,"date":"2010-12-06T18:10:09","date_gmt":"2010-12-06T20:10:09","guid":{"rendered":"http:\/\/cdljpublicidade.com.br\/trafego\/teste\/?page_id=6"},"modified":"2016-01-20T20:37:03","modified_gmt":"2016-01-20T23:37:03","slug":"biografia","status":"publish","type":"page","link":"https:\/\/ww2.ricardochaves.com.br\/?page_id=6","title":{"rendered":"Biografia"},"content":{"rendered":"<p style=\"text-align: center;\"><strong>Ricardo Chaves Pedreira de Freitas, RICARDO CHAVES, nascido em 11 de junho, na cidade de Salvador\/Bahia.<\/strong><\/p>\n<p style=\"text-align: left;\">Em 1981 Ricardo Chaves tinha uma id\u00e9ia tra\u00e7ada: queria terminar a faculdade de Administra\u00e7\u00e3o de Empresas e ir embora de Salvador para tentar a sorte na m\u00fasica. Ele tocava baixo e cantava em uma banda de rock chamada Fim da Picada. O trio el\u00e9trico mudou os seus planos e ele acabou se tornando um dos principais cantores da Bahia, al\u00e9m de ser considerado o melhor puxador de blocos de trio do pa\u00eds. Tudo come\u00e7ou no bloco Pinel, onde atuava como cantor.<\/p>\n<p>O tempo se encarregou de favorecer a explos\u00e3o da m\u00fasica baiana inclusive no eixo Rio\/S\u00e3o Paulo, fazendo Ricardo Chaves desistir da id\u00e9ia de deixar Salvador. Mesmo depois de formado, foi se envolvendo cada vez mais com a m\u00fasica, deixando a carreira de administrador \u201cguardada\u201d, como ele mesmo diz.<\/p>\n<p>Em 1982, \u00e0 frente da banda Pinel, ele fez o seu primeiro Carnaval. Permaneceu na banda por cinco anos. Nessa mesma \u00e9poca, paralelamente, era o cantor da banda Cabo de Guerra, uma das mais importantes bandas de rock de Salvador. Em 1986 foi convidado pela gravadora RCA para gravar seu primeiro disco-solo e se arriscou em mais essa aventura, emplacando o sucesso Taba, de autoria de Carlinhos Cor das \u00c1guas e Renato Mattos. Um ano mais tarde puxou o Bloco Frenesi, j\u00e1 tendo contrato fechado com o bloco Eva para 1988, onde ficou at\u00e9 1992.<\/p>\n<p>No Carnaval de 1993 Ricardo comandou o Crocodilo para o qual comp\u00f4s a m\u00fasica que \u00e9 at\u00e9 hoje sua marca registrada: O Bicho. Foi no mesmo momento em que os carnavais fora de \u00e9poca se espalharam pelo Brasil e Ricardo passou a ser presen\u00e7a garantida em todos eles. Ficou no Crocodilo at\u00e9 1995 quando saiu para um de seus maiores desafios. Ricardo arrendou por seis anos o Coruja, um dos mais tradicionais blocos do Carnaval de Salvador que passava por um momento muito dif\u00edcil. Depois de recolocar o bloco como um dos mais disputados, em 2002, estourou com dois grandes sucessos, a inaugura\u00e7\u00e3o do seu camarote e em seu retorno ao Bloco Crocodilo, dessa vez no circuito da Barra. No ano de 2003, mais uma grande surpresa para os foli\u00f5es, al\u00e9m do camarote e do Bloco Crocodilo, Ricardo estreou o seu Trio Off Road, trio independente que tamb\u00e9m agitou o foli\u00e3o da pipoca no carnaval. Em 2008, Ricardo inovou e trouxe para o Carnaval de Salvador o bloco Bicho que desfilou no circuito Barra-Ondina at\u00e9 2012. Proveniente do\u00a0Carnatal, festa onde Ricardo Chaves \u00e9 considerado rei, o bloco Bicho \u00e9 o \u00fanico do evento que mant\u00e9m por 23 anos consecutivos o mesmo cantor no comando, tend\u00eancia contr\u00e1ria ao que ocorre nos dias atuais onde\u00a0as pessoas saem cada dia em um bloco e, no entender de Ricardo, n\u00e3o criam fidelidade nem integra\u00e7\u00e3o foli\u00e3o\/artista.<\/p>\n<p>Tamb\u00e9m nesse per\u00edodo, Ricardo Chaves come\u00e7ou a demonstrar preocupa\u00e7\u00e3o com os rumos do Carnaval de Salvador atrav\u00e9s de textos publicados em seu site. O primeiro em 2010 <a href=\"http:\/\/ww2.ricardochaves.com.br\/?p=503\">&#8220;Sil\u00eancio Conveniente&#8221;<\/a>, em seguida <a href=\"http:\/\/ww2.ricardochaves.com.br\/?p=1199\">&#8220;Foco&#8221;<\/a> e por fim <a href=\"http:\/\/ww2.ricardochaves.com.br\/?p=1612\">&#8220;Carnaval ou Festival?&#8221;<\/a>, repercutidos amplamente na imprensa.<\/p>\n<p>Em 2013, paralelamente com sua carreira estreou com o Alavont\u00ea. Movimento musical que nasceu espontaneamente a partir dos encontros entre amigos, nos quais Manno G\u00f3es, Jonga Cunha, Andrez\u00e3o Sim\u00f5es e Ricardo Chaves se animaram com a possibilidade de tocarem juntos, o que j\u00e1 fazem informalmente. A proposta inicial, mantida at\u00e9 ent\u00e3o, \u00e9 criar e compartilhar can\u00e7\u00f5es sem o que Manno chama de \u201camarras mercadol\u00f3gicas\u201d, ou seja, as responsabilidades de contrato, cach\u00eas e agenda t\u00edpicos de uma banda.<\/p>\n<p>Experiente puxador de trios el\u00e9tricos com 19 \u00e1lbuns e 2 DVDs, Ricardo Chaves sabe bem como transmitir anima\u00e7\u00e3o e emo\u00e7\u00e3o ao foli\u00e3o que o segue religiosamente em todos os apresenta\u00e7\u00f5es pelo pa\u00eds.<\/p>\n<p>Ricardo tem um p\u00fablico bem definido, fiel e \u00e1vido para ser abastecido por suas novidades. Como um grande inovador, a cada ano ele prova que carnaval se faz com profissionalismo, alegria e com admira\u00e7\u00e3o de seus f\u00e3s espalhados por todos os cantos, nascendo a cada ano, um novo f\u00e3 clube com associados cada vez mais encantados com o carisma desse grande artista.<\/p>\n<p>Com a carreira que se confunde com a hist\u00f3ria do que ficou conhecido como \u201cAx\u00e9 Music\u201d, Ricardo segue fazendo a alegria de milhares de pessoas de v\u00e1rias gera\u00e7\u00f5es que n\u00e3o resistem ao astral da sua m\u00fasica que ele diz que \u00e9 feita para ser a trilha sonora de momentos alegres na vida das pessoas.<\/p>\n","protected":false},"excerpt":{"rendered":"<p>Ricardo Chaves Pedreira de Freitas, RICARDO CHAVES, nascido em 11 de junho, na cidade de Salvador\/Bahia. Em 1981 Ricardo Chaves tinha uma id\u00e9ia tra\u00e7ada: queria terminar a faculdade de Administra\u00e7\u00e3o de Empresas e ir embora de Salvador para tentar a sorte na m\u00fasica. Ele tocava baixo e cantava em uma banda de rock chamada Fim&#8230; <a href=\"https:\/\/ww2.ricardochaves.com.br\/?page_id=6\" class=\"excerpt-read-more\">Leia Mais<\/a><\/p>\n","protected":false},"author":1,"featured_media":0,"parent":0,"menu_order":1,"comment_status":"open","ping_status":"closed","template":"","meta":[],"_links":{"self":[{"href":"https:\/\/ww2.ricardochaves.com.br\/index.php?rest_route=\/wp\/v2\/pages\/6"}],"collection":[{"href":"https:\/\/ww2.ricardochaves.com.br\/index.php?rest_route=\/wp\/v2\/pages"}],"about":[{"href":"https:\/\/ww2.ricardochaves.com.br\/index.php?rest_route=\/wp\/v2\/types\/page"}],"author":[{"embeddable":true,"href":"https:\/\/ww2.ricardochaves.com.br\/index.php?rest_route=\/wp\/v2\/users\/1"}],"replies":[{"embeddable":true,"href":"https:\/\/ww2.ricardochaves.com.br\/index.php?rest_route=%2Fwp%2Fv2%2Fcomments&post=6"}],"version-history":[{"count":16,"href":"https:\/\/ww2.ricardochaves.com.br\/index.php?rest_route=\/wp\/v2\/pages\/6\/revisions"}],"predecessor-version":[{"id":2667,"href":"https:\/\/ww2.ricardochaves.com.br\/index.php?rest_route=\/wp\/v2\/pages\/6\/revisions\/2667"}],"wp:attachment":[{"href":"https:\/\/ww2.ricardochaves.com.br\/index.php?rest_route=%2Fwp%2Fv2%2Fmedia&parent=6"}],"curies":[{"name":"wp","href":"https:\/\/api.w.org\/{rel}","templated":true}]}}